{"id":94,"date":"2024-04-05T14:47:59","date_gmt":"2024-04-05T12:47:59","guid":{"rendered":"http:\/\/zonebdw.cluster030.hosting.ovh.net\/?page_id=94"},"modified":"2024-05-24T10:37:22","modified_gmt":"2024-05-24T08:37:22","slug":"actualites","status":"publish","type":"page","link":"https:\/\/zoneb-draguignan.com\/index.php\/actualites\/","title":{"rendered":"ACTUALIT\u00c9S"},"content":{"rendered":"<ul class=\"wp-block-latest-posts__list is-grid columns-3 has-dates wp-block-latest-posts\"><li><div class=\"wp-block-latest-posts__featured-image\"><img fetchpriority=\"high\" decoding=\"async\" width=\"300\" height=\"200\" src=\"https:\/\/zoneb-draguignan.com\/wp-content\/uploads\/2024\/04\/photos_espace_zone_b_B_factory-13-300x200.jpg\" class=\"attachment-medium size-medium wp-post-image\" alt=\"salle de formation draguignan\" style=\"\" srcset=\"https:\/\/zoneb-draguignan.com\/wp-content\/uploads\/2024\/04\/photos_espace_zone_b_B_factory-13-300x200.jpg 300w, https:\/\/zoneb-draguignan.com\/wp-content\/uploads\/2024\/04\/photos_espace_zone_b_B_factory-13-1024x683.jpg 1024w, https:\/\/zoneb-draguignan.com\/wp-content\/uploads\/2024\/04\/photos_espace_zone_b_B_factory-13-768x512.jpg 768w, https:\/\/zoneb-draguignan.com\/wp-content\/uploads\/2024\/04\/photos_espace_zone_b_B_factory-13-1536x1024.jpg 1536w, https:\/\/zoneb-draguignan.com\/wp-content\/uploads\/2024\/04\/photos_espace_zone_b_B_factory-13-2048x1365.jpg 2048w\" sizes=\"(max-width: 300px) 100vw, 300px\" \/><\/div><a class=\"wp-block-latest-posts__post-title\" href=\"https:\/\/zoneb-draguignan.com\/index.php\/2024\/05\/24\/location-b-factory-school\/\">Location par la B.Factory School<\/a><time datetime=\"2024-05-24T10:16:11+02:00\" class=\"wp-block-latest-posts__post-date\">24 mai 2024<\/time><div class=\"wp-block-latest-posts__post-excerpt\">Pour offrir un environnement optimal \u00e0 ses \u00e9tudiants, l&rsquo;\u00e9cole utilise en location la salle Johannes Gutenberg pour ses \u00e9tudiants.<\/div><\/li>\n<li><div class=\"wp-block-latest-posts__featured-image\"><img decoding=\"async\" width=\"300\" height=\"169\" src=\"https:\/\/zoneb-draguignan.com\/wp-content\/uploads\/2024\/05\/soiree-entreprise-300x169.jpg\" class=\"attachment-medium size-medium wp-post-image\" alt=\"salle location draguignan\" style=\"\" srcset=\"https:\/\/zoneb-draguignan.com\/wp-content\/uploads\/2024\/05\/soiree-entreprise-300x169.jpg 300w, https:\/\/zoneb-draguignan.com\/wp-content\/uploads\/2024\/05\/soiree-entreprise-1024x576.jpg 1024w, https:\/\/zoneb-draguignan.com\/wp-content\/uploads\/2024\/05\/soiree-entreprise-768x432.jpg 768w, https:\/\/zoneb-draguignan.com\/wp-content\/uploads\/2024\/05\/soiree-entreprise-1536x864.jpg 1536w, https:\/\/zoneb-draguignan.com\/wp-content\/uploads\/2024\/05\/soiree-entreprise-2048x1152.jpg 2048w\" sizes=\"(max-width: 300px) 100vw, 300px\" \/><\/div><a class=\"wp-block-latest-posts__post-title\" href=\"https:\/\/zoneb-draguignan.com\/index.php\/2024\/05\/24\/espace-de-location-ideal-pour-vos-soirees-dentreprises\/\">L&rsquo;espace de location id\u00e9al pour vos soir\u00e9es d&rsquo;entreprises<\/a><time datetime=\"2024-05-24T09:31:25+02:00\" class=\"wp-block-latest-posts__post-date\">24 mai 2024<\/time><div class=\"wp-block-latest-posts__post-excerpt\">Notre espace de location, situ\u00e9 \u00e0 Draguignan, offre un cadre \u00e9l\u00e9gant et convivial, parfait pour toutes vos soir\u00e9es d&rsquo;entreprises. Que vous organisiez un repas de No\u00ebl ou une soir\u00e9e de team building, nos locaux sont am\u00e9nag\u00e9s pour cr\u00e9er une ambiance festive et professionnelle.<\/div><\/li>\n<li><div class=\"wp-block-latest-posts__featured-image\"><img decoding=\"async\" width=\"300\" height=\"290\" src=\"https:\/\/zoneb-draguignan.com\/wp-content\/uploads\/2024\/04\/IMG_8783-300x290.jpg\" class=\"attachment-medium size-medium wp-post-image\" alt=\"location de salle soir\u00e9e entreprise\" style=\"\" srcset=\"https:\/\/zoneb-draguignan.com\/wp-content\/uploads\/2024\/04\/IMG_8783-300x290.jpg 300w, https:\/\/zoneb-draguignan.com\/wp-content\/uploads\/2024\/04\/IMG_8783-1024x990.jpg 1024w, https:\/\/zoneb-draguignan.com\/wp-content\/uploads\/2024\/04\/IMG_8783-768x742.jpg 768w, https:\/\/zoneb-draguignan.com\/wp-content\/uploads\/2024\/04\/IMG_8783.jpg 1290w\" sizes=\"(max-width: 300px) 100vw, 300px\" \/><\/div><a class=\"wp-block-latest-posts__post-title\" href=\"https:\/\/zoneb-draguignan.com\/index.php\/2024\/05\/24\/inauguration\/\">Soir\u00e9e d&rsquo;Inauguration de Zone B Draguignan<\/a><time datetime=\"2024-05-24T08:57:31+02:00\" class=\"wp-block-latest-posts__post-date\">24 mai 2024<\/time><div class=\"wp-block-latest-posts__post-excerpt\">Le 24 f\u00e9vrier 2024 restera grav\u00e9 dans les m\u00e9moires comme une date marquante pour notre nouvel espace de location. C\u2019est en effet \u00e0 cette date que Zone B, notre nouvel espace polyvalent, a ouvert ses portes lors d&rsquo;une soir\u00e9e d&rsquo;inauguration. <\/div><\/li>\n<\/ul>","protected":false},"excerpt":{"rendered":"","protected":false},"author":1,"featured_media":0,"parent":0,"menu_order":0,"comment_status":"closed","ping_status":"closed","template":"","meta":{"footnotes":""},"class_list":["post-94","page","type-page","status-publish","hentry"],"yoast_head":"<!-- This site is optimized with the Yoast SEO plugin v22.7 - https:\/\/yoast.com\/wordpress\/plugins\/seo\/ -->\n<title>ACTUALIT\u00c9S - Zone B<\/title>\n<meta name=\"robots\" content=\"index, follow, max-snippet:-1, max-image-preview:large, max-video-preview:-1\" \/>\n<link rel=\"canonical\" href=\"https:\/\/zoneb-draguignan.com\/index.php\/actualites\/\" \/>\n<meta property=\"og:locale\" content=\"fr_FR\" \/>\n<meta property=\"og:type\" content=\"article\" \/>\n<meta property=\"og:title\" content=\"ACTUALIT\u00c9S - Zone B\" \/>\n<meta property=\"og:url\" content=\"https:\/\/zoneb-draguignan.com\/index.php\/actualites\/\" \/>\n<meta property=\"og:site_name\" content=\"Zone B\" \/>\n<meta property=\"article:modified_time\" content=\"2024-05-24T08:37:22+00:00\" \/>\n<meta name=\"twitter:card\" content=\"summary_large_image\" \/>\n<script type=\"application\/ld+json\" class=\"yoast-schema-graph\">{\"@context\":\"https:\/\/schema.org\",\"@graph\":[{\"@type\":\"WebPage\",\"@id\":\"https:\/\/zoneb-draguignan.com\/index.php\/actualites\/\",\"url\":\"https:\/\/zoneb-draguignan.com\/index.php\/actualites\/\",\"name\":\"ACTUALIT\u00c9S - Zone B\",\"isPartOf\":{\"@id\":\"http:\/\/zoneb-draguignan.com\/#website\"},\"datePublished\":\"2024-04-05T12:47:59+00:00\",\"dateModified\":\"2024-05-24T08:37:22+00:00\",\"breadcrumb\":{\"@id\":\"https:\/\/zoneb-draguignan.com\/index.php\/actualites\/#breadcrumb\"},\"inLanguage\":\"fr-FR\",\"potentialAction\":[{\"@type\":\"ReadAction\",\"target\":[\"https:\/\/zoneb-draguignan.com\/index.php\/actualites\/\"]}]},{\"@type\":\"BreadcrumbList\",\"@id\":\"https:\/\/zoneb-draguignan.com\/index.php\/actualites\/#breadcrumb\",\"itemListElement\":[{\"@type\":\"ListItem\",\"position\":1,\"name\":\"Accueil\",\"item\":\"https:\/\/zoneb-draguignan.com\/\"},{\"@type\":\"ListItem\",\"position\":2,\"name\":\"ACTUALIT\u00c9S\"}]},{\"@type\":\"WebSite\",\"@id\":\"http:\/\/zoneb-draguignan.com\/#website\",\"url\":\"http:\/\/zoneb-draguignan.com\/\",\"name\":\"Zone B\",\"description\":\"\",\"publisher\":{\"@id\":\"http:\/\/zoneb-draguignan.com\/#organization\"},\"potentialAction\":[{\"@type\":\"SearchAction\",\"target\":{\"@type\":\"EntryPoint\",\"urlTemplate\":\"http:\/\/zoneb-draguignan.com\/?s={search_term_string}\"},\"query-input\":\"required name=search_term_string\"}],\"inLanguage\":\"fr-FR\"},{\"@type\":\"Organization\",\"@id\":\"http:\/\/zoneb-draguignan.com\/#organization\",\"name\":\"Zone B\",\"url\":\"http:\/\/zoneb-draguignan.com\/\",\"logo\":{\"@type\":\"ImageObject\",\"inLanguage\":\"fr-FR\",\"@id\":\"http:\/\/zoneb-draguignan.com\/#\/schema\/logo\/image\/\",\"url\":\"https:\/\/zoneb-draguignan.com\/wp-content\/uploads\/2024\/04\/cropped-LOGO-ZONE-B-.png\",\"contentUrl\":\"https:\/\/zoneb-draguignan.com\/wp-content\/uploads\/2024\/04\/cropped-LOGO-ZONE-B-.png\",\"width\":499,\"height\":417,\"caption\":\"Zone B\"},\"image\":{\"@id\":\"http:\/\/zoneb-draguignan.com\/#\/schema\/logo\/image\/\"}}]}<\/script>\n<!-- \/ Yoast SEO plugin. -->","yoast_head_json":{"title":"ACTUALIT\u00c9S - Zone B","robots":{"index":"index","follow":"follow","max-snippet":"max-snippet:-1","max-image-preview":"max-image-preview:large","max-video-preview":"max-video-preview:-1"},"canonical":"https:\/\/zoneb-draguignan.com\/index.php\/actualites\/","og_locale":"fr_FR","og_type":"article","og_title":"ACTUALIT\u00c9S - Zone B","og_url":"https:\/\/zoneb-draguignan.com\/index.php\/actualites\/","og_site_name":"Zone B","article_modified_time":"2024-05-24T08:37:22+00:00","twitter_card":"summary_large_image","schema":{"@context":"https:\/\/schema.org","@graph":[{"@type":"WebPage","@id":"https:\/\/zoneb-draguignan.com\/index.php\/actualites\/","url":"https:\/\/zoneb-draguignan.com\/index.php\/actualites\/","name":"ACTUALIT\u00c9S - Zone B","isPartOf":{"@id":"http:\/\/zoneb-draguignan.com\/#website"},"datePublished":"2024-04-05T12:47:59+00:00","dateModified":"2024-05-24T08:37:22+00:00","breadcrumb":{"@id":"https:\/\/zoneb-draguignan.com\/index.php\/actualites\/#breadcrumb"},"inLanguage":"fr-FR","potentialAction":[{"@type":"ReadAction","target":["https:\/\/zoneb-draguignan.com\/index.php\/actualites\/"]}]},{"@type":"BreadcrumbList","@id":"https:\/\/zoneb-draguignan.com\/index.php\/actualites\/#breadcrumb","itemListElement":[{"@type":"ListItem","position":1,"name":"Accueil","item":"https:\/\/zoneb-draguignan.com\/"},{"@type":"ListItem","position":2,"name":"ACTUALIT\u00c9S"}]},{"@type":"WebSite","@id":"http:\/\/zoneb-draguignan.com\/#website","url":"http:\/\/zoneb-draguignan.com\/","name":"Zone B","description":"","publisher":{"@id":"http:\/\/zoneb-draguignan.com\/#organization"},"potentialAction":[{"@type":"SearchAction","target":{"@type":"EntryPoint","urlTemplate":"http:\/\/zoneb-draguignan.com\/?s={search_term_string}"},"query-input":"required name=search_term_string"}],"inLanguage":"fr-FR"},{"@type":"Organization","@id":"http:\/\/zoneb-draguignan.com\/#organization","name":"Zone B","url":"http:\/\/zoneb-draguignan.com\/","logo":{"@type":"ImageObject","inLanguage":"fr-FR","@id":"http:\/\/zoneb-draguignan.com\/#\/schema\/logo\/image\/","url":"https:\/\/zoneb-draguignan.com\/wp-content\/uploads\/2024\/04\/cropped-LOGO-ZONE-B-.png","contentUrl":"https:\/\/zoneb-draguignan.com\/wp-content\/uploads\/2024\/04\/cropped-LOGO-ZONE-B-.png","width":499,"height":417,"caption":"Zone B"},"image":{"@id":"http:\/\/zoneb-draguignan.com\/#\/schema\/logo\/image\/"}}]}},"_links":{"self":[{"href":"https:\/\/zoneb-draguignan.com\/index.php\/wp-json\/wp\/v2\/pages\/94","targetHints":{"allow":["GET"]}}],"collection":[{"href":"https:\/\/zoneb-draguignan.com\/index.php\/wp-json\/wp\/v2\/pages"}],"about":[{"href":"https:\/\/zoneb-draguignan.com\/index.php\/wp-json\/wp\/v2\/types\/page"}],"author":[{"embeddable":true,"href":"https:\/\/zoneb-draguignan.com\/index.php\/wp-json\/wp\/v2\/users\/1"}],"replies":[{"embeddable":true,"href":"https:\/\/zoneb-draguignan.com\/index.php\/wp-json\/wp\/v2\/comments?post=94"}],"version-history":[{"count":3,"href":"https:\/\/zoneb-draguignan.com\/index.php\/wp-json\/wp\/v2\/pages\/94\/revisions"}],"predecessor-version":[{"id":2207,"href":"https:\/\/zoneb-draguignan.com\/index.php\/wp-json\/wp\/v2\/pages\/94\/revisions\/2207"}],"wp:attachment":[{"href":"https:\/\/zoneb-draguignan.com\/index.php\/wp-json\/wp\/v2\/media?parent=94"}],"curies":[{"name":"wp","href":"https:\/\/api.w.org\/{rel}","templated":true}]}}